{"id":518,"date":"2021-04-20T11:01:41","date_gmt":"2021-04-20T09:01:41","guid":{"rendered":"http:\/\/www.lbcstudio.pro\/index.php\/?page_id=518"},"modified":"2022-07-27T21:43:28","modified_gmt":"2022-07-27T19:43:28","slug":"home","status":"publish","type":"page","link":"https:\/\/www.lbcstudio.pro\/index.php\/","title":{"rendered":""},"content":{"rendered":"\n<div class=\"wp-block-columns is-layout-flex wp-container-core-columns-is-layout-9d6595d7 wp-block-columns-is-layout-flex\">\n<div class=\"wp-block-column is-layout-flow wp-block-column-is-layout-flow\" style=\"flex-basis:10%\"><\/div>\n\n\n\n<div class=\"wp-block-column is-layout-flow wp-block-column-is-layout-flow\" style=\"flex-basis:80%\">\n<p class=\"has-text-align-center has-sitetext-color has-text-color\" style=\"font-size:17px\">LBC Consulting Studio \u00e8 uno Studio indipendente organizzato nella forma dell&#8217;Associazione Professionale che svolge attivit\u00e0 di <strong>Risk Management<\/strong> e <strong>Innovazione Organizzativa<\/strong> nella forma della Consulenza di Direzione ed Organizzazione (<em>Consulenza di Management<\/em>) secondo la Norma <strong>UNI EN ISO 20700<\/strong>. I Professionisti di LBC Consulting Studio sono qualificati da <a href=\"http:\/\/www.apcoitalia.it\"><strong>APCO<\/strong><\/a> (Associazione Professionale Italiana dei Consulenti di Management riconosciuta dal MISE).<\/p>\n\n\n\n<hr class=\"wp-block-separator has-text-color has-css-opacity has-background is-style-wide\" style=\"background-color:#aad2b3;color:#aad2b3\"\/>\n\n\n\n<p class=\"has-text-align-center has-sitetext-color has-text-color\" style=\"font-size:17px\"> Ci occupiamo di <strong>Risk Management<\/strong>  e <strong>Innovazione Organizzativa<\/strong> (Rischi da carenze organizzative) nell&#8217;Impresa, <strong>Risk Management<\/strong> nel campo della <strong>Salute e Sicurezza sul Lavoro<\/strong> (D. Lgs. 81\/08 e ISO 45001, D.Lgs. 231\/01 e Mog), <strong>Protezione dei Dati e Miglioramento dei Livelli di Sicurezza Privacy <\/strong>(<strong>GDPR<\/strong> &#8211; Regolamento EU 2016\/679) e <strong>Formazione Integrata<\/strong><\/p>\n\n\n\n<hr class=\"wp-block-separator has-text-color has-css-opacity has-background is-style-wide\" style=\"background-color:#aad2b3;color:#aad2b3\"\/>\n\n\n\n<p class=\"has-text-align-center has-sitetext-color has-text-color\" style=\"font-size:17px\">Lo Studio \u00e8 costituito dalla integrazione di pi\u00f9 professionalit\u00e0 per supportare le Imprese sia sotto il profilo tecnico che organizzativo. Ci proponiamo come partner di fiducia per <em><strong>facilitare l&#8217;Innovazione e il miglioramento<\/strong><\/em> dell&#8217;Impresa nella sua globalit\u00e0.<\/p>\n<\/div>\n\n\n\n<div class=\"wp-block-column is-layout-flow wp-block-column-is-layout-flow\" style=\"flex-basis:10%\"><\/div>\n<\/div>\n\n\n\n<div style=\"height:25px\" aria-hidden=\"true\" class=\"wp-block-spacer\"><\/div>\n\n\n\n<div class=\"wp-block-columns is-layout-flex wp-container-core-columns-is-layout-9d6595d7 wp-block-columns-is-layout-flex\">\n<div class=\"wp-block-column is-layout-flow wp-block-column-is-layout-flow\" style=\"flex-basis:100px\"><\/div>\n\n\n\n<div class=\"wp-block-column is-layout-flow wp-block-column-is-layout-flow\">\n<figure class=\"wp-block-image\"><a href=\"https:\/\/www.lbcstudio.pro\/risk-management\/\"><img loading=\"lazy\" decoding=\"async\" width=\"2560\" height=\"1707\" src=\"https:\/\/www.lbcstudio.pro\/wp-content\/uploads\/2021\/03\/pexels-vlada-karpovich-6114957-scaled.jpg\" alt=\"Risk Management\" class=\"wp-image-1293\" srcset=\"https:\/\/www.lbcstudio.pro\/wp-content\/uploads\/2021\/03\/pexels-vlada-karpovich-6114957-scaled.jpg 2560w, https:\/\/www.lbcstudio.pro\/wp-content\/uploads\/2021\/03\/pexels-vlada-karpovich-6114957-300x200.jpg 300w, https:\/\/www.lbcstudio.pro\/wp-content\/uploads\/2021\/03\/pexels-vlada-karpovich-6114957-1024x683.jpg 1024w, https:\/\/www.lbcstudio.pro\/wp-content\/uploads\/2021\/03\/pexels-vlada-karpovich-6114957-768x512.jpg 768w, https:\/\/www.lbcstudio.pro\/wp-content\/uploads\/2021\/03\/pexels-vlada-karpovich-6114957-1536x1024.jpg 1536w, https:\/\/www.lbcstudio.pro\/wp-content\/uploads\/2021\/03\/pexels-vlada-karpovich-6114957-2048x1365.jpg 2048w\" sizes=\"auto, (max-width: 2560px) 100vw, 2560px\" \/><\/a><\/figure>\n\n\n\n<h3 class=\"a { text-decoration: none;} has-text-color wp-block-heading\" style=\"color:#f58400\"><strong><a href=\"https:\/\/www.lbcstudio.pro\/risk-management\/\"><span style=\"color:#f58400\" class=\"has-inline-color\">Risk Management<\/span><\/a><\/strong><\/h3>\n\n\n\n<p>In ambito Aziendale il Risk Management assume una sempre maggiore rilevanza anche in relazione alla crescente complessita del contesto di riferimento.<\/p>\n\n\n\n<p>Aiutiamo a Sviluppare nuove Opportunit\u00e0 gestendo i Rischi e facilitando i Processi<\/p>\n\n\n\n<p><strong><a href=\"https:\/\/www.lbcstudio.pro\/risk-management\/\">&gt;&gt;&gt; vai<\/a><\/strong><\/p>\n<\/div>\n\n\n\n<div class=\"wp-block-column is-layout-flow wp-block-column-is-layout-flow\" style=\"flex-basis:20px\"><\/div>\n\n\n\n<div class=\"wp-block-column is-layout-flow wp-block-column-is-layout-flow\">\n<figure class=\"wp-block-image\"><a href=\"https:\/\/www.lbcstudio.pro\/innovazione-organizzativa-2\/\"><img loading=\"lazy\" decoding=\"async\" width=\"851\" height=\"564\" src=\"https:\/\/www.lbcstudio.pro\/wp-content\/uploads\/2017\/09\/Fotolia_52338639_S.jpg\" alt=\"Innovazione Organizzativa\" class=\"wp-image-28\" srcset=\"https:\/\/www.lbcstudio.pro\/wp-content\/uploads\/2017\/09\/Fotolia_52338639_S.jpg 851w, https:\/\/www.lbcstudio.pro\/wp-content\/uploads\/2017\/09\/Fotolia_52338639_S-300x199.jpg 300w, https:\/\/www.lbcstudio.pro\/wp-content\/uploads\/2017\/09\/Fotolia_52338639_S-768x509.jpg 768w\" sizes=\"auto, (max-width: 851px) 100vw, 851px\" \/><\/a><\/figure>\n\n\n\n<h3 class=\"has-text-color wp-block-heading\" style=\"color:#f58400\"><strong><a href=\"https:\/\/www.lbcstudio.pro\/innovazione-organizzativa-2\/\"><span style=\"color:#f58400\" class=\"has-inline-color\">Innovazione Organizzativa<\/span><\/a><\/strong><\/h3>\n\n\n\n<p id=\"a:link-{-text-decoration:-none!important;-border-bottom:-none!important;-}\">Mediante la Consulenza Organizzativa in ottica Strategica per PMI aiutiamo l&#8217;Azienda a Gestire aspetti Strategici ed Organizzativi attraverso un processo di acquisizione, elaborazione e trasmissione di Conoscenza utile a supportre l&#8217;Organizzazione nell&#8217;Innovazione Organizzativa per il miglioramento delle prestazioni e raggiungimento delgi obiettivi prefissati.<\/p>\n\n\n\n<p><strong><a href=\"https:\/\/www.lbcstudio.pro\/innovazione-organizzativa-2\/\">&gt;&gt;&gt; vai<\/a><\/strong><\/p>\n<\/div>\n\n\n\n<div class=\"wp-block-column is-layout-flow wp-block-column-is-layout-flow\" style=\"flex-basis:20px\"><\/div>\n\n\n\n<div class=\"wp-block-column is-layout-flow wp-block-column-is-layout-flow\">\n<figure class=\"wp-block-image\"><img loading=\"lazy\" decoding=\"async\" width=\"1024\" height=\"683\" src=\"https:\/\/www.lbcstudio.pro\/wp-content\/uploads\/2021\/04\/dylan-gillis-KdeqA3aTnBY-unsplash-1024x683-1.jpg\" alt=\"Formazione Partecipata\" class=\"wp-image-1940\" srcset=\"https:\/\/www.lbcstudio.pro\/wp-content\/uploads\/2021\/04\/dylan-gillis-KdeqA3aTnBY-unsplash-1024x683-1.jpg 1024w, https:\/\/www.lbcstudio.pro\/wp-content\/uploads\/2021\/04\/dylan-gillis-KdeqA3aTnBY-unsplash-1024x683-1-300x200.jpg 300w, https:\/\/www.lbcstudio.pro\/wp-content\/uploads\/2021\/04\/dylan-gillis-KdeqA3aTnBY-unsplash-1024x683-1-768x512.jpg 768w\" sizes=\"auto, (max-width: 1024px) 100vw, 1024px\" \/><\/figure>\n\n\n\n<h3 class=\"has-text-color wp-block-heading\" style=\"color:#f58400\"><strong><a href=\"https:\/\/www.lbcstudio.pro\/formazione-partecipata\/\"><span style=\"color:#f58400\" class=\"has-inline-color\">Formazione Partecipata<\/span><\/a><\/strong><\/h3>\n\n\n\n<p class=\"has-accent-1-color has-text-color\">La formazione rappresenta uno <strong>strumento indispensabile per la maturazione dell&#8217;individuo<\/strong>. Pu\u00f2 essere legata allo studio, all&#8217;esperienza o all&#8217;ambiente di lavoro.<\/p>\n\n\n\n<p>Ai nostri giorni in cui tale rapporto deve tener conto anche dell&#8217;Ambiente inteso non solo come aspetto ecologico, ma come complesso di luoghi ove si svolge il lavoro e pi\u00f9 in generale come qualit\u00e0 della vita.<\/p>\n\n\n\n<p><strong><a href=\"https:\/\/www.lbcstudio.pro\/formazione-partecipata\/\">&gt;&gt;&gt; vai<\/a><\/strong><\/p>\n<\/div>\n\n\n\n<div class=\"wp-block-column is-layout-flow wp-block-column-is-layout-flow\" style=\"flex-basis:100px\"><\/div>\n<\/div>\n\n\n\n<div style=\"height:50px\" aria-hidden=\"true\" class=\"wp-block-spacer\"><\/div>\n\n\n\n<div class=\"wp-block-cover is-light is-repeated\" style=\"background-image:url(https:\/\/www.lbcstudio.pro\/wp-content\/uploads\/2021\/04\/immagine.png);min-height:135px;aspect-ratio:unset;\"><span aria-hidden=\"true\" class=\"wp-block-cover__background has-background-dim\"><\/span><div class=\"wp-block-cover__inner-container is-layout-flow wp-block-cover-is-layout-flow\">\n<p class=\"has-text-align-center has-large-font-size\"><em><a href=\"https:\/\/www.lbcstudio.pro\/index.php\/questionario-autovalutazione-leadership-in-materia-di-ssl\/\"><span class=\"has-inline-color has-sitebg-color\"><strong>\u00abPrevenire significa gestire i rischi. I rischi sono gestiti da persone che lavorano insieme\u00bb<\/strong><\/span><\/a><\/em><\/p>\n<\/div><\/div>\n\n\n\n<p><\/p>\n","protected":false},"excerpt":{"rendered":"<p>LBC Consulting Studio \u00e8 uno Studio indipendente organizzato nella forma dell&#8217;Associazione Professionale che svolge attivit\u00e0 di Risk Management e Innovazione Organizzativa nella forma della Consulenza di Direzione ed Organizzazione (Consulenza di Management) secondo la Norma UNI EN ISO 20700. I Professionisti di LBC Consulting Studio sono qualificati da APCO (Associazione Professionale Italiana dei Consulenti di Management riconosciuta dal MISE). Ci occupiamo di Risk Management e Innovazione Organizzativa (Rischi da carenze &hellip;<\/p>\n","protected":false},"author":1,"featured_media":0,"parent":0,"menu_order":0,"comment_status":"closed","ping_status":"closed","template":"","meta":{"footnotes":""},"class_list":["post-518","page","type-page","status-publish","hentry"],"yoast_head":"<!-- This site is optimized with the Yoast SEO plugin v27.4 - https:\/\/yoast.com\/product\/yoast-seo-wordpress\/ -->\n<title>Risk Management e Innovazione Organizzativa<\/title>\n<meta name=\"description\" content=\"La differenza nel creare opportunit\u00e0\" \/>\n<meta name=\"robots\" content=\"index, follow, max-snippet:-1, max-image-preview:large, max-video-preview:-1\" \/>\n<link rel=\"canonical\" href=\"https:\/\/www.lbcstudio.pro\/index.php\/\" \/>\n<meta property=\"og:locale\" content=\"it_IT\" \/>\n<meta property=\"og:type\" content=\"article\" \/>\n<meta property=\"og:title\" content=\"Risk Management e Innovazione Organizzativa\" \/>\n<meta property=\"og:description\" content=\"La differenza nel creare opportunit\u00e0\" \/>\n<meta property=\"og:url\" content=\"https:\/\/www.lbcstudio.pro\/index.php\/\" \/>\n<meta property=\"og:site_name\" content=\"Costruiamo Valore\" \/>\n<meta property=\"article:modified_time\" content=\"2022-07-27T19:43:28+00:00\" \/>\n<meta property=\"og:image\" content=\"https:\/\/www.lbcstudio.pro\/wp-content\/uploads\/2021\/03\/pexels-vlada-karpovich-6114957-scaled.jpg\" \/>\n<meta name=\"twitter:card\" content=\"summary_large_image\" \/>\n<meta name=\"twitter:label1\" content=\"Tempo di lettura stimato\" \/>\n\t<meta name=\"twitter:data1\" content=\"3 minuti\" \/>\n<script type=\"application\/ld+json\" class=\"yoast-schema-graph\">{\"@context\":\"https:\\\/\\\/schema.org\",\"@graph\":[{\"@type\":\"WebPage\",\"@id\":\"https:\\\/\\\/www.lbcstudio.pro\\\/index.php\\\/\",\"url\":\"https:\\\/\\\/www.lbcstudio.pro\\\/index.php\\\/\",\"name\":\"Risk Management e Innovazione Organizzativa\",\"isPartOf\":{\"@id\":\"https:\\\/\\\/www.lbcstudio.pro\\\/index.php\\\/#website\"},\"primaryImageOfPage\":{\"@id\":\"https:\\\/\\\/www.lbcstudio.pro\\\/index.php\\\/#primaryimage\"},\"image\":{\"@id\":\"https:\\\/\\\/www.lbcstudio.pro\\\/index.php\\\/#primaryimage\"},\"thumbnailUrl\":\"https:\\\/\\\/www.lbcstudio.pro\\\/wp-content\\\/uploads\\\/2021\\\/03\\\/pexels-vlada-karpovich-6114957-scaled.jpg\",\"datePublished\":\"2021-04-20T09:01:41+00:00\",\"dateModified\":\"2022-07-27T19:43:28+00:00\",\"description\":\"La differenza nel creare opportunit\u00e0\",\"inLanguage\":\"it-IT\",\"potentialAction\":[{\"@type\":\"ReadAction\",\"target\":[\"https:\\\/\\\/www.lbcstudio.pro\\\/index.php\\\/\"]}]},{\"@type\":\"ImageObject\",\"inLanguage\":\"it-IT\",\"@id\":\"https:\\\/\\\/www.lbcstudio.pro\\\/index.php\\\/#primaryimage\",\"url\":\"https:\\\/\\\/www.lbcstudio.pro\\\/wp-content\\\/uploads\\\/2021\\\/03\\\/pexels-vlada-karpovich-6114957-scaled.jpg\",\"contentUrl\":\"https:\\\/\\\/www.lbcstudio.pro\\\/wp-content\\\/uploads\\\/2021\\\/03\\\/pexels-vlada-karpovich-6114957-scaled.jpg\"},{\"@type\":\"WebSite\",\"@id\":\"https:\\\/\\\/www.lbcstudio.pro\\\/index.php\\\/#website\",\"url\":\"https:\\\/\\\/www.lbcstudio.pro\\\/index.php\\\/\",\"name\":\"LBC Consulting Studio - La Conoscenza che crea VALORE\",\"description\":\"Consulenza di Management - Abilit\u00e0 ad Integrare\",\"publisher\":{\"@id\":\"https:\\\/\\\/www.lbcstudio.pro\\\/index.php\\\/#organization\"},\"potentialAction\":[{\"@type\":\"SearchAction\",\"target\":{\"@type\":\"EntryPoint\",\"urlTemplate\":\"https:\\\/\\\/www.lbcstudio.pro\\\/index.php\\\/?s={search_term_string}\"},\"query-input\":{\"@type\":\"PropertyValueSpecification\",\"valueRequired\":true,\"valueName\":\"search_term_string\"}}],\"inLanguage\":\"it-IT\"},{\"@type\":\"Organization\",\"@id\":\"https:\\\/\\\/www.lbcstudio.pro\\\/index.php\\\/#organization\",\"name\":\"LBC Consulting Studio\",\"url\":\"https:\\\/\\\/www.lbcstudio.pro\\\/index.php\\\/\",\"logo\":{\"@type\":\"ImageObject\",\"inLanguage\":\"it-IT\",\"@id\":\"https:\\\/\\\/www.lbcstudio.pro\\\/index.php\\\/#\\\/schema\\\/logo\\\/image\\\/\",\"url\":\"https:\\\/\\\/www.lbcstudio.pro\\\/wp-content\\\/uploads\\\/2017\\\/11\\\/logo-16.1.stampa-1.jpg\",\"contentUrl\":\"https:\\\/\\\/www.lbcstudio.pro\\\/wp-content\\\/uploads\\\/2017\\\/11\\\/logo-16.1.stampa-1.jpg\",\"width\":2680,\"height\":1050,\"caption\":\"LBC Consulting Studio\"},\"image\":{\"@id\":\"https:\\\/\\\/www.lbcstudio.pro\\\/index.php\\\/#\\\/schema\\\/logo\\\/image\\\/\"}}]}<\/script>\n<!-- \/ Yoast SEO plugin. -->","yoast_head_json":{"title":"Risk Management e Innovazione Organizzativa","description":"La differenza nel creare opportunit\u00e0","robots":{"index":"index","follow":"follow","max-snippet":"max-snippet:-1","max-image-preview":"max-image-preview:large","max-video-preview":"max-video-preview:-1"},"canonical":"https:\/\/www.lbcstudio.pro\/index.php\/","og_locale":"it_IT","og_type":"article","og_title":"Risk Management e Innovazione Organizzativa","og_description":"La differenza nel creare opportunit\u00e0","og_url":"https:\/\/www.lbcstudio.pro\/index.php\/","og_site_name":"Costruiamo Valore","article_modified_time":"2022-07-27T19:43:28+00:00","og_image":[{"url":"https:\/\/www.lbcstudio.pro\/wp-content\/uploads\/2021\/03\/pexels-vlada-karpovich-6114957-scaled.jpg","type":"","width":"","height":""}],"twitter_card":"summary_large_image","twitter_misc":{"Tempo di lettura stimato":"3 minuti"},"schema":{"@context":"https:\/\/schema.org","@graph":[{"@type":"WebPage","@id":"https:\/\/www.lbcstudio.pro\/index.php\/","url":"https:\/\/www.lbcstudio.pro\/index.php\/","name":"Risk Management e Innovazione Organizzativa","isPartOf":{"@id":"https:\/\/www.lbcstudio.pro\/index.php\/#website"},"primaryImageOfPage":{"@id":"https:\/\/www.lbcstudio.pro\/index.php\/#primaryimage"},"image":{"@id":"https:\/\/www.lbcstudio.pro\/index.php\/#primaryimage"},"thumbnailUrl":"https:\/\/www.lbcstudio.pro\/wp-content\/uploads\/2021\/03\/pexels-vlada-karpovich-6114957-scaled.jpg","datePublished":"2021-04-20T09:01:41+00:00","dateModified":"2022-07-27T19:43:28+00:00","description":"La differenza nel creare opportunit\u00e0","inLanguage":"it-IT","potentialAction":[{"@type":"ReadAction","target":["https:\/\/www.lbcstudio.pro\/index.php\/"]}]},{"@type":"ImageObject","inLanguage":"it-IT","@id":"https:\/\/www.lbcstudio.pro\/index.php\/#primaryimage","url":"https:\/\/www.lbcstudio.pro\/wp-content\/uploads\/2021\/03\/pexels-vlada-karpovich-6114957-scaled.jpg","contentUrl":"https:\/\/www.lbcstudio.pro\/wp-content\/uploads\/2021\/03\/pexels-vlada-karpovich-6114957-scaled.jpg"},{"@type":"WebSite","@id":"https:\/\/www.lbcstudio.pro\/index.php\/#website","url":"https:\/\/www.lbcstudio.pro\/index.php\/","name":"LBC Consulting Studio - La Conoscenza che crea VALORE","description":"Consulenza di Management - Abilit\u00e0 ad Integrare","publisher":{"@id":"https:\/\/www.lbcstudio.pro\/index.php\/#organization"},"potentialAction":[{"@type":"SearchAction","target":{"@type":"EntryPoint","urlTemplate":"https:\/\/www.lbcstudio.pro\/index.php\/?s={search_term_string}"},"query-input":{"@type":"PropertyValueSpecification","valueRequired":true,"valueName":"search_term_string"}}],"inLanguage":"it-IT"},{"@type":"Organization","@id":"https:\/\/www.lbcstudio.pro\/index.php\/#organization","name":"LBC Consulting Studio","url":"https:\/\/www.lbcstudio.pro\/index.php\/","logo":{"@type":"ImageObject","inLanguage":"it-IT","@id":"https:\/\/www.lbcstudio.pro\/index.php\/#\/schema\/logo\/image\/","url":"https:\/\/www.lbcstudio.pro\/wp-content\/uploads\/2017\/11\/logo-16.1.stampa-1.jpg","contentUrl":"https:\/\/www.lbcstudio.pro\/wp-content\/uploads\/2017\/11\/logo-16.1.stampa-1.jpg","width":2680,"height":1050,"caption":"LBC Consulting Studio"},"image":{"@id":"https:\/\/www.lbcstudio.pro\/index.php\/#\/schema\/logo\/image\/"}}]}},"_links":{"self":[{"href":"https:\/\/www.lbcstudio.pro\/index.php\/wp-json\/wp\/v2\/pages\/518","targetHints":{"allow":["GET"]}}],"collection":[{"href":"https:\/\/www.lbcstudio.pro\/index.php\/wp-json\/wp\/v2\/pages"}],"about":[{"href":"https:\/\/www.lbcstudio.pro\/index.php\/wp-json\/wp\/v2\/types\/page"}],"author":[{"embeddable":true,"href":"https:\/\/www.lbcstudio.pro\/index.php\/wp-json\/wp\/v2\/users\/1"}],"replies":[{"embeddable":true,"href":"https:\/\/www.lbcstudio.pro\/index.php\/wp-json\/wp\/v2\/comments?post=518"}],"version-history":[{"count":105,"href":"https:\/\/www.lbcstudio.pro\/index.php\/wp-json\/wp\/v2\/pages\/518\/revisions"}],"predecessor-version":[{"id":2652,"href":"https:\/\/www.lbcstudio.pro\/index.php\/wp-json\/wp\/v2\/pages\/518\/revisions\/2652"}],"wp:attachment":[{"href":"https:\/\/www.lbcstudio.pro\/index.php\/wp-json\/wp\/v2\/media?parent=518"}],"curies":[{"name":"wp","href":"https:\/\/api.w.org\/{rel}","templated":true}]}}